{"id":151,"date":"2022-12-17T23:21:13","date_gmt":"2022-12-17T22:21:13","guid":{"rendered":"https:\/\/www.hansechemie.com\/en\/imprint\/"},"modified":"2022-12-17T23:21:33","modified_gmt":"2022-12-17T22:21:33","slug":"imprint","status":"publish","type":"page","link":"https:\/\/www.hansechemie.com\/en\/imprint\/","title":{"rendered":"Imprint"},"content":{"rendered":"\n  \n    <section class=\"u-clearfix u-section-1\" id=\"sec-2f00\">\n      <div class=\"u-clearfix u-sheet u-sheet-1\">\n        <div class=\"u-border-3 u-border-custom-color-1 u-expanded-width u-line u-line-horizontal u-line-1\"><\/div>\n      <\/div>\n    <\/section>\n    <section class=\"u-clearfix u-section-2\" id=\"sec-d90c\">\n      <div class=\"u-clearfix u-sheet u-sheet-1\">\n        <div class=\"u-carousel u-expanded-width u-gallery u-layout-carousel u-no-transition u-show-text-always u-gallery-1\" id=\"carousel-45fe\" data-interval=\"5000\" data-u-ride=\"carousel\">\n          <ol class=\"u-absolute-hcenter u-carousel-indicators u-hidden u-carousel-indicators-1\">\n            <li data-u-target=\"#carousel-45fe\" data-u-slide-to=\"0\" class=\"u-active u-grey-70 u-shape-circle\" style=\"width: 10px; height: 10px;\"><\/li>\n            <li data-u-target=\"#carousel-45fe\" data-u-slide-to=\"1\" class=\"u-grey-70 u-shape-circle\" style=\"width: 10px; height: 10px;\"><\/li>\n            <li data-u-target=\"#carousel-45fe\" data-u-slide-to=\"2\" class=\"u-grey-70 u-shape-circle\" style=\"width: 10px; height: 10px;\"><\/li>\n            <li data-u-target=\"#carousel-45fe\" data-u-slide-to=\"3\" class=\"u-grey-70 u-shape-circle\" style=\"width: 10px; height: 10px;\"><\/li>\n          <\/ol>\n          <div class=\"u-carousel-inner u-gallery-inner u-gallery-inner-1\" role=\"listbox\">\n            <div class=\"u-active u-carousel-item u-gallery-item u-shape-rectangle u-carousel-item-1\" data-image-width=\"193\" data-image-height=\"119\" data-href=\"https:\/\/www.hansechemie.com\/en\/alo-hard-ceramic\/\">\n              <div class=\"u-back-slide\" data-image-width=\"396\" data-image-height=\"399\">\n                <img class=\"u-back-image u-expanded u-image-contain lazyload\" alt=\"Imprint\" data-src=\"https:\/\/www.hansechemie.com\/en\/wp-content\/uploads\/sites\/2\/2022\/12\/Keramikmatte.png\">\n              <\/div>\n              <div class=\"u-gradient u-over-slide u-over-slide-1\">\n                <p class=\"u-align-center u-gallery-heading u-text-body-alt-color\" style=\"font-size: 1.28571rem; background-image: none;\">Imprint<\/p>\n                <p class=\"u-gallery-text u-text-body-alt-color\" style=\"font-size: 1.85714rem; background-image: none;\"><\/p>\n              <\/div>\n              <style data-mode=\"XL\"><\/style>\n              <style data-mode=\"LG\"><\/style>\n              <style data-mode=\"MD\"><\/style>\n              <style data-mode=\"SM\"><\/style>\n              <style data-mode=\"XS\"><\/style>\n            <\/div>\n            <div class=\"u-carousel-item u-gallery-item u-shape-rectangle u-carousel-item-2\" data-href=\"https:\/\/www.hansechemie.com\/en\/hcd-i-under-pulley-cleaner\/\">\n              <div class=\"u-back-slide\" data-image-width=\"900\" data-image-height=\"592\">\n                <img class=\"u-back-image u-expanded u-image-contain lazyload\" data-src=\"https:\/\/www.hansechemie.com\/en\/wp-content\/uploads\/sites\/2\/2022\/12\/HCD-I_Ua6x200.png?rand=c323\">\n              <\/div>\n              <div class=\"u-gradient u-over-slide u-over-slide-2\">\n                <p class=\"u-align-center u-gallery-heading u-text-body-alt-color\" style=\"font-size: 1.28571rem; background-image: none;\">Impressum<\/p>\n                <p class=\"u-gallery-text u-text-body-alt-color\" style=\"font-size: 1.85714rem; background-image: none;\"><\/p>\n              <\/div>\n            <\/div>\n            <div class=\"u-carousel-item u-gallery-item u-shape-rectangle u-carousel-item-3\" data-href=\"77004473\">\n              <div class=\"u-back-slide\" data-image-width=\"366\" data-image-height=\"239\">\n                <img class=\"u-back-image u-expanded u-image-contain lazyload\" alt=\"Impressum\" data-src=\"https:\/\/www.hansechemie.com\/en\/wp-content\/uploads\/sites\/2\/2022\/12\/Vollautomatische_Turbo2.png\">\n              <\/div>\n              <div class=\"u-gradient u-over-slide u-over-slide-3\">\n                <p class=\"u-align-center u-gallery-heading u-text-body-alt-color\" style=\"font-size: 1.28571rem; background-image: none;\">Impressum<\/p>\n                <p class=\"u-gallery-text u-text-body-alt-color\" style=\"font-size: 1.85714rem; background-image: none;\"><\/p>\n              <\/div>\n            <\/div>\n            <div class=\"u-carousel-item u-gallery-item u-shape-rectangle u-carousel-item-4\" data-image-width=\"900\" data-image-height=\"592\" data-href=\"2078103945\">\n              <div class=\"u-back-slide\" data-image-width=\"1600\" data-image-height=\"762\">\n                <img class=\"u-back-image u-expanded u-image-contain lazyload\" alt=\"Impressum\" data-src=\"https:\/\/www.hansechemie.com\/en\/wp-content\/uploads\/sites\/2\/2022\/12\/HVR_freigestellt_1.jpg\">\n              <\/div>\n              <div class=\"u-gradient u-over-slide u-over-slide-4\">\n                <p class=\"u-align-center u-gallery-heading u-text-body-alt-color\" style=\"font-size: 1.28571rem; background-image: none;\">Impressum<\/p>\n                <p class=\"u-gallery-text u-text-body-alt-color\" style=\"font-size: 1.85714rem; background-image: none;\"><\/p>\n              <\/div>\n            <\/div>\n          <\/div>\n          <a class=\"u-absolute-vcenter u-carousel-control u-carousel-control-prev u-custom-color-1 u-hidden u-icon-rounded u-opacity u-opacity-70 u-spacing-10 u-carousel-control-1\" href=\"#carousel-45fe\" role=\"button\" data-u-slide=\"prev\">\n            <span aria-hidden=\"true\">\n              <svg viewBox=\"0 0 451.847 451.847\"><path d=\"M97.141,225.92c0-8.095,3.091-16.192,9.259-22.366L300.689,9.27c12.359-12.359,32.397-12.359,44.751,0\nc12.354,12.354,12.354,32.388,0,44.748L173.525,225.92l171.903,171.909c12.354,12.354,12.354,32.391,0,44.744\nc-12.354,12.365-32.386,12.365-44.745,0l-194.29-194.281C100.226,242.115,97.141,234.018,97.141,225.92z\"><\/path><\/svg>\n            <\/span>\n            <span class=\"sr-only\">\n              <svg viewBox=\"0 0 451.847 451.847\"><path d=\"M97.141,225.92c0-8.095,3.091-16.192,9.259-22.366L300.689,9.27c12.359-12.359,32.397-12.359,44.751,0\nc12.354,12.354,12.354,32.388,0,44.748L173.525,225.92l171.903,171.909c12.354,12.354,12.354,32.391,0,44.744\nc-12.354,12.365-32.386,12.365-44.745,0l-194.29-194.281C100.226,242.115,97.141,234.018,97.141,225.92z\"><\/path><\/svg>\n            <\/span>\n          <\/a>\n          <a class=\"u-absolute-vcenter u-carousel-control u-carousel-control-next u-custom-color-1 u-hidden u-icon-rounded u-opacity u-opacity-70 u-spacing-10 u-carousel-control-2\" href=\"#carousel-45fe\" role=\"button\" data-u-slide=\"next\">\n            <span aria-hidden=\"true\">\n              <svg viewBox=\"0 0 451.846 451.847\"><path d=\"M345.441,248.292L151.154,442.573c-12.359,12.365-32.397,12.365-44.75,0c-12.354-12.354-12.354-32.391,0-44.744\nL278.318,225.92L106.409,54.017c-12.354-12.359-12.354-32.394,0-44.748c12.354-12.359,32.391-12.359,44.75,0l194.287,194.284\nc6.177,6.18,9.262,14.271,9.262,22.366C354.708,234.018,351.617,242.115,345.441,248.292z\"><\/path><\/svg>\n            <\/span>\n            <span class=\"sr-only\">\n              <svg viewBox=\"0 0 451.846 451.847\"><path d=\"M345.441,248.292L151.154,442.573c-12.359,12.365-32.397,12.365-44.75,0c-12.354-12.354-12.354-32.391,0-44.744\nL278.318,225.92L106.409,54.017c-12.354-12.359-12.354-32.394,0-44.748c12.354-12.359,32.391-12.359,44.75,0l194.287,194.284\nc6.177,6.18,9.262,14.271,9.262,22.366C354.708,234.018,351.617,242.115,345.441,248.292z\"><\/path><\/svg>\n            <\/span>\n          <\/a>\n        <\/div>\n      <\/div>\n    <\/section>\n    <section class=\"u-clearfix u-section-3\" id=\"carousel_27f2\">\n      <div class=\"u-clearfix u-sheet u-valign-middle-lg u-valign-middle-md u-valign-middle-xl u-sheet-1\">\n        <div class=\"u-clearfix u-gutter-0 u-layout-wrap u-layout-wrap-1\">\n          <div class=\"u-layout\" style=\"\">\n            <div class=\"u-layout-row\" style=\"\">\n              <div class=\"u-container-style u-layout-cell u-size-15 u-layout-cell-1\">\n                <div class=\"u-container-layout u-container-layout-1\"><\/div>\n              <\/div>\n              <div class=\"u-container-style u-layout-cell u-size-45 u-layout-cell-2\">\n                <div class=\"u-container-layout u-container-layout-2\">\n                  <h4 class=\"u-text u-text-default u-text-1\"> Site Notice&nbsp;<\/h4>\n                  <div class=\"fr-view u-clearfix u-rich-text u-text u-text-2\">\n                    <div style=\"width: 100%;\">\n                      <p id=\"isPasted\">\n                        <br>\n                      <\/p>\n                      <p>Information provided according to Sec. 5 German Telemedia Act (TMG):<\/p>\n                      <p>Hanse Chemie Handelsgesellschaft f\u00fcr Chemie- &amp; Kunststoffprodukte mbH <br>Rheydter Stra\u00dfe 284 <br>41065 M\u00f6nchengladbach\n                      <\/p>\n                      <p>Represented by:<\/p>\n                      <p>General Manager Mrs. Edeltrud Carsjens <br>General Manager Mr. Lars Carsjens\n                      <\/p>\n                      <p>Contact:<\/p>\n                      <p>Telephone: +49 (0) 2161 \/ 92683-0 <br>Telefax: +49 (0) 2161 \/ 21052 <br>Email: info@hansechemie.com\n                      <\/p>\n                      <p>Register entry:<\/p>\n                      <p>Entry in the Handelsregister. <br>Registering court:M\u00f6nchengladbach <br>Registration number: HRB 2439\n                      <\/p>\n                      <p>VAT:<\/p>\n                      <p>VAT Id number according to Sec. 27 a German Value Added Tax Act: <br>DE120495103\n                      <\/p>\n                      <p>Dispute resolution<\/p>\n                      <p>The European Commission provides a platform for online dispute resolution (OS): https:\/\/ec.europa.eu\/consumers\/odr. Please find our email in the impressum\/legal notice.<\/p>\n                      <p>&nbsp;<\/p>\n                      <p>We do not take part in online dispute resolutions at consumer arbitration boards.<\/p>\n                    <\/div>\n                  <\/div>\n                <\/div>\n              <\/div>\n            <\/div>\n          <\/div>\n        <\/div>\n      <\/div>\n    <\/section>\n    \n    \n    \n    \n    \n    \n    \n    \n    \n    \n    \n    \n    \n    \n    \n    \n    \n    \n    \n  \n","protected":false},"excerpt":{"rendered":"<p>Imprint Impressum Impressum Impressum Site Notice&nbsp; Information provided according to Sec. 5 German Telemedia Act (TMG): Hanse Chemie Handelsgesellschaft f\u00fcr Chemie- &amp; Kunststoffprodukte mbH Rheydter Stra\u00dfe 284 41065 M\u00f6nchengladbach Represented by: General Manager Mrs. Edeltrud Carsjens General Manager Mr. Lars Carsjens Contact: Telephone: +49 (0) 2161 \/ 92683-0 Telefax: +49 (0) 2161 \/ 21052 Email: &hellip; <a href=\"https:\/\/www.hansechemie.com\/en\/imprint\/\" class=\"more-link\">Continue reading<span class=\"screen-reader-text\"> &#8220;Imprint&#8221;<\/span><\/a><\/p>\n","protected":false},"author":1,"featured_media":0,"parent":0,"menu_order":19,"comment_status":"closed","ping_status":"closed","template":"","meta":{"footnotes":""},"class_list":["post-151","page","type-page","status-publish","hentry"],"_links":{"self":[{"href":"https:\/\/www.hansechemie.com\/en\/wp-json\/wp\/v2\/pages\/151","targetHints":{"allow":["GET"]}}],"collection":[{"href":"https:\/\/www.hansechemie.com\/en\/wp-json\/wp\/v2\/pages"}],"about":[{"href":"https:\/\/www.hansechemie.com\/en\/wp-json\/wp\/v2\/types\/page"}],"author":[{"embeddable":true,"href":"https:\/\/www.hansechemie.com\/en\/wp-json\/wp\/v2\/users\/1"}],"replies":[{"embeddable":true,"href":"https:\/\/www.hansechemie.com\/en\/wp-json\/wp\/v2\/comments?post=151"}],"version-history":[{"count":1,"href":"https:\/\/www.hansechemie.com\/en\/wp-json\/wp\/v2\/pages\/151\/revisions"}],"predecessor-version":[{"id":190,"href":"https:\/\/www.hansechemie.com\/en\/wp-json\/wp\/v2\/pages\/151\/revisions\/190"}],"wp:attachment":[{"href":"https:\/\/www.hansechemie.com\/en\/wp-json\/wp\/v2\/media?parent=151"}],"curies":[{"name":"wp","href":"https:\/\/api.w.org\/{rel}","templated":true}]}}